{"id":606,"date":"2022-12-15T13:52:32","date_gmt":"2022-12-15T13:52:32","guid":{"rendered":"https:\/\/veronicacejadesing.pro\/?page_id=606"},"modified":"2023-10-29T21:20:32","modified_gmt":"2023-10-29T21:20:32","slug":"home","status":"publish","type":"page","link":"https:\/\/veronicacejadesing.pro\/","title":{"rendered":"Home"},"content":{"rendered":"\n<div class=\"wp-block-columns are-vertically-aligned-center is-layout-flex wp-container-3 wp-block-columns-is-layout-flex\">\n<div class=\"wp-block-column is-vertically-aligned-center is-layout-flow wp-block-column-is-layout-flow\" style=\"flex-basis:50%\"><\/div>\n\n\n\n<div class=\"wp-block-column is-layout-flow wp-block-column-is-layout-flow\" style=\"flex-basis:50%\">\n<div class=\"wp-block-uagb-advanced-heading uagb-block-5c09b5d0\"><h1 class=\"uagb-heading-text\">Veronica  Ceja<\/h1><\/div>\n<\/div>\n<\/div>\n\n\n\n<div class=\"wp-block-columns is-layout-flex wp-container-6 wp-block-columns-is-layout-flex\">\n<div class=\"wp-block-column is-layout-flow wp-block-column-is-layout-flow\" style=\"flex-basis:50%\">\n<div class=\"wp-block-uagb-image uagb-block-66a255bf wp-block-uagb-image--layout-default wp-block-uagb-image--effect-static wp-block-uagb-image--align-none\"><figure class=\"wp-block-uagb-image__figure\"><img decoding=\"async\" srcset=\"https:\/\/veronicacejadesing.pro\/wp-content\/uploads\/2023\/10\/Untitled-3-1024x1024.png ,https:\/\/veronicacejadesing.pro\/wp-content\/uploads\/2023\/10\/Untitled-3.png 780w, https:\/\/veronicacejadesing.pro\/wp-content\/uploads\/2023\/10\/Untitled-3-1024x1024.png 360w\" sizes=\"(max-width: 480px) 150px\" src=\"https:\/\/veronicacejadesing.pro\/wp-content\/uploads\/2023\/10\/Untitled-3-1024x1024.png\" alt=\"\" class=\"uag-image-1245\" width=\"1000\" height=\"667\" title=\"\" loading=\"lazy\"\/><\/figure><\/div>\n<\/div>\n\n\n\n<div class=\"wp-block-column is-layout-flow wp-block-column-is-layout-flow\" style=\"flex-basis:50%\">\n<div class=\"wp-block-uagb-info-box uagb-block-a51736d2 uagb-infobox__content-wrap  uagb-infobox-icon-above-title uagb-infobox-image-valign-top\"><div class=\"uagb-ifb-content\"><div class=\"uagb-ifb-title-wrap\"><h2 class=\"uagb-ifb-title\">Familia y Hogar <br>Me Inspiran\u2026<\/h2><\/div><p class=\"uagb-ifb-desc\">Lo que siempre me ha inspirado para la decoracion es hacer sentir magicos los espacios del hogar, donde las familias viven, conviven y disfrutan del estar, creando armonia y paz, haciendo del hogar un espacio de proteccion donde los peque\u00f1os detalles hacen la diferencia.<\/p><div class=\"uagb-ifb-button-wrapper wp-block-button\"><a href=\"#\" class=\"uagb-infobox-cta-link wp-block-button__link\" target=\"_self\" rel=\"noopener noreferrer\" onclick=\"return false;\" alt=\"\"><span class=\"uagb-inline-editing\">Descubre la  Coleccion<\/span><svg xmlns=\"https:\/\/www.w3.org\/2000\/svg\" viewBox=\"0 0 512 512\"><path d=\"M512 256C512 397.4 397.4 512 256 512C114.6 512 0 397.4 0 256C0 114.6 114.6 0 256 0C397.4 0 512 114.6 512 256zM176 168V344C176 352.7 180.7 360.7 188.3 364.9C195.8 369.2 205.1 369 212.5 364.5L356.5 276.5C363.6 272.1 368 264.4 368 256C368 247.6 363.6 239.9 356.5 235.5L212.5 147.5C205.1 142.1 195.8 142.8 188.3 147.1C180.7 151.3 176 159.3 176 168V168z\"><\/path><\/svg><\/a><\/div><\/div><\/div>\n<\/div>\n<\/div>\n\n\n\n<div class=\"wp-block-uagb-container uagb-block-3e192572 alignfull uagb-is-root-container\">\n<div class=\"wp-block-uagb-container uagb-block-322c5398\">\n<div class=\"wp-block-uagb-container uagb-block-d1302f34\"><\/div>\n<\/div>\n<\/div>\n\n\n\n<div class=\"wp-block-uagb-container uagb-block-7d82b8b1 alignfull uagb-is-root-container\"><div class=\"uagb-container-inner-blocks-wrap\">\n<div class=\"wp-block-uagb-container uagb-block-80b8c036\">\n<div class=\"wp-block-uagb-advanced-heading uagb-block-db2a744e\"><h2 class=\"uagb-heading-text\">Welcome To My Website<\/h2><p class=\"uagb-desc-text\">Mauris blandit aliquet elit, eget tincidunt nibh pulvinar a. Donec sollicitudin molestie malesuada. Curabitur arcu erat, accumsan id imperdiet et, porttitor at sem. Donec sollicitudin molestie malesuada. Cras ultricies ligula sed magna dictum porta. Quisque velit nisi, pretium ut lacinia in, elementum id enim. Donec rutrum congue leo eget malesuada. Cras ultricies ligula sed magna dictum porta.&nbsp;<\/p><\/div>\n<\/div>\n<\/div><\/div>\n\n\n\n<div class=\"wp-block-uagb-container uagb-block-a7b3d55a alignfull uagb-is-root-container\"><div class=\"uagb-container-inner-blocks-wrap\">\n<div class=\"wp-block-uagb-container uagb-block-6ce1f431\">\n<div class=\"wp-block-uagb-advanced-heading uagb-block-86ddf3dd\"><h2 class=\"uagb-heading-text\">Explora Mis Dise\u00f1os<\/h2><p class=\"uagb-desc-text\">Puedes encontrar dise\u00f1os tanto para el Dia a Dia como de temporadas Navide\u00f1a, Oto\u00f1o etc.<\/p><\/div>\n\n\n<div class=\"woocommerce columns-3 \"><ul class=\"products columns-3\">\n<li class=\"desktop-align-left tablet-align-left mobile-align-left product type-product post-159 status-publish first instock product_cat-abstract product_cat-floral has-post-thumbnail featured sold-individually shipping-taxable purchasable product-type-simple\">\n\t<a href=\"https:\/\/veronicacejadesing.pro\/?product=flower-bed\" class=\"woocommerce-LoopProduct-link woocommerce-loop-product__link\"><img width=\"300\" height=\"300\" src=\"https:\/\/veronicacejadesing.pro\/wp-content\/uploads\/woocommerce-placeholder-300x300.png\" class=\"woocommerce-placeholder wp-post-image\" alt=\"Placeholder\" decoding=\"async\" loading=\"lazy\" srcset=\"https:\/\/veronicacejadesing.pro\/wp-content\/uploads\/woocommerce-placeholder-300x300.png 300w, https:\/\/veronicacejadesing.pro\/wp-content\/uploads\/woocommerce-placeholder-100x100.png 100w, https:\/\/veronicacejadesing.pro\/wp-content\/uploads\/woocommerce-placeholder-600x600.png 600w, https:\/\/veronicacejadesing.pro\/wp-content\/uploads\/woocommerce-placeholder-1024x1024.png 1024w, https:\/\/veronicacejadesing.pro\/wp-content\/uploads\/woocommerce-placeholder-150x150.png 150w, https:\/\/veronicacejadesing.pro\/wp-content\/uploads\/woocommerce-placeholder-768x768.png 768w, https:\/\/veronicacejadesing.pro\/wp-content\/uploads\/woocommerce-placeholder.png 1200w\" sizes=\"(max-width: 300px) 100vw, 300px\" \/><h2 class=\"woocommerce-loop-product__title\">Flower Bed<\/h2><div class=\"star-rating\"><span style=\"width:0%\">Rated <strong class=\"rating\">0<\/strong> out of 5<\/span><\/div>\n\t<span class=\"price\"><span class=\"woocommerce-Price-amount amount\"><bdi><span class=\"woocommerce-Price-currencySymbol\">&#36;<\/span>4,850.00<\/bdi><\/span><\/span>\n<\/a><a href=\"?add-to-cart=159\" data-quantity=\"1\" class=\"button product_type_simple add_to_cart_button ajax_add_to_cart\" data-product_id=\"159\" data-product_sku=\"\" aria-label=\"Add &ldquo;Flower Bed&rdquo; to your cart\" aria-describedby=\"\" rel=\"nofollow\">Add to cart<\/a><\/li>\n<li class=\"desktop-align-left tablet-align-left mobile-align-left product type-product post-47 status-publish instock product_cat-abstract has-post-thumbnail featured sold-individually shipping-taxable purchasable product-type-simple\">\n\t<a href=\"https:\/\/veronicacejadesing.pro\/?product=water-color-bleed\" class=\"woocommerce-LoopProduct-link woocommerce-loop-product__link\"><img width=\"300\" height=\"300\" src=\"https:\/\/veronicacejadesing.pro\/wp-content\/uploads\/woocommerce-placeholder-300x300.png\" class=\"woocommerce-placeholder wp-post-image\" alt=\"Placeholder\" decoding=\"async\" loading=\"lazy\" srcset=\"https:\/\/veronicacejadesing.pro\/wp-content\/uploads\/woocommerce-placeholder-300x300.png 300w, https:\/\/veronicacejadesing.pro\/wp-content\/uploads\/woocommerce-placeholder-100x100.png 100w, https:\/\/veronicacejadesing.pro\/wp-content\/uploads\/woocommerce-placeholder-600x600.png 600w, https:\/\/veronicacejadesing.pro\/wp-content\/uploads\/woocommerce-placeholder-1024x1024.png 1024w, https:\/\/veronicacejadesing.pro\/wp-content\/uploads\/woocommerce-placeholder-150x150.png 150w, https:\/\/veronicacejadesing.pro\/wp-content\/uploads\/woocommerce-placeholder-768x768.png 768w, https:\/\/veronicacejadesing.pro\/wp-content\/uploads\/woocommerce-placeholder.png 1200w\" sizes=\"(max-width: 300px) 100vw, 300px\" \/><h2 class=\"woocommerce-loop-product__title\">Bleed Blue<\/h2><div class=\"star-rating\"><span style=\"width:0%\">Rated <strong class=\"rating\">0<\/strong> out of 5<\/span><\/div>\n\t<span class=\"price\"><span class=\"woocommerce-Price-amount amount\"><bdi><span class=\"woocommerce-Price-currencySymbol\">&#36;<\/span>4,850.00<\/bdi><\/span><\/span>\n<\/a><a href=\"?add-to-cart=47\" data-quantity=\"1\" class=\"button product_type_simple add_to_cart_button ajax_add_to_cart\" data-product_id=\"47\" data-product_sku=\"\" aria-label=\"Add &ldquo;Bleed Blue&rdquo; to your cart\" aria-describedby=\"\" rel=\"nofollow\">Add to cart<\/a><\/li>\n<li class=\"desktop-align-left tablet-align-left mobile-align-left product type-product post-34 status-publish last instock product_cat-floral has-post-thumbnail featured shipping-taxable purchasable product-type-simple\">\n\t<a href=\"https:\/\/veronicacejadesing.pro\/?product=red-flowers\" class=\"woocommerce-LoopProduct-link woocommerce-loop-product__link\"><img width=\"300\" height=\"300\" src=\"https:\/\/veronicacejadesing.pro\/wp-content\/uploads\/woocommerce-placeholder-300x300.png\" class=\"woocommerce-placeholder wp-post-image\" alt=\"Placeholder\" decoding=\"async\" loading=\"lazy\" srcset=\"https:\/\/veronicacejadesing.pro\/wp-content\/uploads\/woocommerce-placeholder-300x300.png 300w, https:\/\/veronicacejadesing.pro\/wp-content\/uploads\/woocommerce-placeholder-100x100.png 100w, https:\/\/veronicacejadesing.pro\/wp-content\/uploads\/woocommerce-placeholder-600x600.png 600w, https:\/\/veronicacejadesing.pro\/wp-content\/uploads\/woocommerce-placeholder-1024x1024.png 1024w, https:\/\/veronicacejadesing.pro\/wp-content\/uploads\/woocommerce-placeholder-150x150.png 150w, https:\/\/veronicacejadesing.pro\/wp-content\/uploads\/woocommerce-placeholder-768x768.png 768w, https:\/\/veronicacejadesing.pro\/wp-content\/uploads\/woocommerce-placeholder.png 1200w\" sizes=\"(max-width: 300px) 100vw, 300px\" \/><h2 class=\"woocommerce-loop-product__title\">Purple Flowers<\/h2><div class=\"star-rating\"><span style=\"width:0%\">Rated <strong class=\"rating\">0<\/strong> out of 5<\/span><\/div>\n\t<span class=\"price\"><span class=\"woocommerce-Price-amount amount\"><bdi><span class=\"woocommerce-Price-currencySymbol\">&#36;<\/span>1,500.00<\/bdi><\/span><\/span>\n<\/a><a href=\"?add-to-cart=34\" data-quantity=\"1\" class=\"button product_type_simple add_to_cart_button ajax_add_to_cart\" data-product_id=\"34\" data-product_sku=\"\" aria-label=\"Add &ldquo;Purple Flowers&rdquo; to your cart\" aria-describedby=\"\" rel=\"nofollow\">Add to cart<\/a><\/li>\n<li class=\"desktop-align-left tablet-align-left mobile-align-left product type-product post-54 status-publish first instock product_cat-scenery has-post-thumbnail featured shipping-taxable purchasable product-type-simple\">\n\t<a href=\"https:\/\/veronicacejadesing.pro\/?product=boatmans\" class=\"woocommerce-LoopProduct-link woocommerce-loop-product__link\"><img width=\"300\" height=\"300\" src=\"https:\/\/veronicacejadesing.pro\/wp-content\/uploads\/woocommerce-placeholder-300x300.png\" class=\"woocommerce-placeholder wp-post-image\" alt=\"Placeholder\" decoding=\"async\" loading=\"lazy\" srcset=\"https:\/\/veronicacejadesing.pro\/wp-content\/uploads\/woocommerce-placeholder-300x300.png 300w, https:\/\/veronicacejadesing.pro\/wp-content\/uploads\/woocommerce-placeholder-100x100.png 100w, https:\/\/veronicacejadesing.pro\/wp-content\/uploads\/woocommerce-placeholder-600x600.png 600w, https:\/\/veronicacejadesing.pro\/wp-content\/uploads\/woocommerce-placeholder-1024x1024.png 1024w, https:\/\/veronicacejadesing.pro\/wp-content\/uploads\/woocommerce-placeholder-150x150.png 150w, https:\/\/veronicacejadesing.pro\/wp-content\/uploads\/woocommerce-placeholder-768x768.png 768w, https:\/\/veronicacejadesing.pro\/wp-content\/uploads\/woocommerce-placeholder.png 1200w\" sizes=\"(max-width: 300px) 100vw, 300px\" \/><h2 class=\"woocommerce-loop-product__title\">Mount Sainte-Victoire<\/h2><div class=\"star-rating\"><span style=\"width:0%\">Rated <strong class=\"rating\">0<\/strong> out of 5<\/span><\/div>\n\t<span class=\"price\"><span class=\"woocommerce-Price-amount amount\"><bdi><span class=\"woocommerce-Price-currencySymbol\">&#36;<\/span>4,700.00<\/bdi><\/span><\/span>\n<\/a><a href=\"?add-to-cart=54\" data-quantity=\"1\" class=\"button product_type_simple add_to_cart_button ajax_add_to_cart\" data-product_id=\"54\" data-product_sku=\"\" aria-label=\"Add &ldquo;Mount Sainte-Victoire&rdquo; to your cart\" aria-describedby=\"\" rel=\"nofollow\">Add to cart<\/a><\/li>\n<li class=\"desktop-align-left tablet-align-left mobile-align-left product type-product post-33 status-publish instock product_cat-scenery has-post-thumbnail featured shipping-taxable purchasable product-type-simple\">\n\t<a href=\"https:\/\/veronicacejadesing.pro\/?product=waterfall\" class=\"woocommerce-LoopProduct-link woocommerce-loop-product__link\"><img width=\"300\" height=\"300\" src=\"https:\/\/veronicacejadesing.pro\/wp-content\/uploads\/woocommerce-placeholder-300x300.png\" class=\"woocommerce-placeholder wp-post-image\" alt=\"Placeholder\" decoding=\"async\" loading=\"lazy\" srcset=\"https:\/\/veronicacejadesing.pro\/wp-content\/uploads\/woocommerce-placeholder-300x300.png 300w, https:\/\/veronicacejadesing.pro\/wp-content\/uploads\/woocommerce-placeholder-100x100.png 100w, https:\/\/veronicacejadesing.pro\/wp-content\/uploads\/woocommerce-placeholder-600x600.png 600w, https:\/\/veronicacejadesing.pro\/wp-content\/uploads\/woocommerce-placeholder-1024x1024.png 1024w, https:\/\/veronicacejadesing.pro\/wp-content\/uploads\/woocommerce-placeholder-150x150.png 150w, https:\/\/veronicacejadesing.pro\/wp-content\/uploads\/woocommerce-placeholder-768x768.png 768w, https:\/\/veronicacejadesing.pro\/wp-content\/uploads\/woocommerce-placeholder.png 1200w\" sizes=\"(max-width: 300px) 100vw, 300px\" \/><h2 class=\"woocommerce-loop-product__title\">Tales of the Past<\/h2><div class=\"star-rating\"><span style=\"width:0%\">Rated <strong class=\"rating\">0<\/strong> out of 5<\/span><\/div>\n\t<span class=\"price\"><span class=\"woocommerce-Price-amount amount\"><bdi><span class=\"woocommerce-Price-currencySymbol\">&#36;<\/span>2,500.00<\/bdi><\/span><\/span>\n<\/a><a href=\"?add-to-cart=33\" data-quantity=\"1\" class=\"button product_type_simple add_to_cart_button ajax_add_to_cart\" data-product_id=\"33\" data-product_sku=\"\" aria-label=\"Add &ldquo;Tales of the Past&rdquo; to your cart\" aria-describedby=\"\" rel=\"nofollow\">Add to cart<\/a><\/li>\n<li class=\"desktop-align-left tablet-align-left mobile-align-left product type-product post-25 status-publish last instock product_cat-scenery has-post-thumbnail featured shipping-taxable purchasable product-type-simple\">\n\t<a href=\"https:\/\/veronicacejadesing.pro\/?product=eiffel-tower\" class=\"woocommerce-LoopProduct-link woocommerce-loop-product__link\"><img width=\"300\" height=\"300\" src=\"https:\/\/veronicacejadesing.pro\/wp-content\/uploads\/woocommerce-placeholder-300x300.png\" class=\"woocommerce-placeholder wp-post-image\" alt=\"Placeholder\" decoding=\"async\" loading=\"lazy\" srcset=\"https:\/\/veronicacejadesing.pro\/wp-content\/uploads\/woocommerce-placeholder-300x300.png 300w, https:\/\/veronicacejadesing.pro\/wp-content\/uploads\/woocommerce-placeholder-100x100.png 100w, https:\/\/veronicacejadesing.pro\/wp-content\/uploads\/woocommerce-placeholder-600x600.png 600w, https:\/\/veronicacejadesing.pro\/wp-content\/uploads\/woocommerce-placeholder-1024x1024.png 1024w, https:\/\/veronicacejadesing.pro\/wp-content\/uploads\/woocommerce-placeholder-150x150.png 150w, https:\/\/veronicacejadesing.pro\/wp-content\/uploads\/woocommerce-placeholder-768x768.png 768w, https:\/\/veronicacejadesing.pro\/wp-content\/uploads\/woocommerce-placeholder.png 1200w\" sizes=\"(max-width: 300px) 100vw, 300px\" \/><h2 class=\"woocommerce-loop-product__title\">Yosemite Valley<\/h2><div class=\"star-rating\"><span style=\"width:0%\">Rated <strong class=\"rating\">0<\/strong> out of 5<\/span><\/div>\n\t<span class=\"price\"><span class=\"woocommerce-Price-amount amount\"><bdi><span class=\"woocommerce-Price-currencySymbol\">&#36;<\/span>4,500.00<\/bdi><\/span><\/span>\n<\/a><a href=\"?add-to-cart=25\" data-quantity=\"1\" class=\"button product_type_simple add_to_cart_button ajax_add_to_cart\" data-product_id=\"25\" data-product_sku=\"\" aria-label=\"Add &ldquo;Yosemite Valley&rdquo; to your cart\" aria-describedby=\"\" rel=\"nofollow\">Add to cart<\/a><\/li>\n<\/ul>\n<\/div>\n\n\n\n<div class=\"wp-block-uagb-info-box uagb-block-7f1ec2bc uagb-infobox__content-wrap  uagb-infobox-icon-above-title uagb-infobox-image-valign-top\"><div class=\"uagb-ifb-content\"><div class=\"uagb-ifb-title-wrap\"><div class=\"uagb-ifb-separator\"><\/div><h3 class=\"uagb-ifb-title\">Categorias<\/h3><\/div><p class=\"uagb-ifb-desc\">Accumsan id imperdiet et, porttitor at sem.&nbsp;<\/p><\/div><\/div>\n\n\n<div class=\"woocommerce columns-3\"><ul class=\"products columns-3\">\n<li class=\"product-category product first\">\n\t<a aria-label=\"Visit product category Abstract\" href=\"https:\/\/veronicacejadesing.pro\/?product_cat=abstract\"><img src=\"https:\/\/veronicacejadesing.pro\/wp-content\/uploads\/woocommerce-placeholder-300x300.png\" alt=\"Abstract\" width=\"300\" height=\"300\" \/>\t\t<h2 class=\"woocommerce-loop-category__title\">\n\t\t\tAbstract<mark class=\"count\">4 Products<\/mark>\t\t<\/h2>\n\t\t<\/a><\/li>\n<li class=\"product-category product\">\n\t<a aria-label=\"Visit product category Floral\" href=\"https:\/\/veronicacejadesing.pro\/?product_cat=floral\"><img src=\"https:\/\/veronicacejadesing.pro\/wp-content\/uploads\/woocommerce-placeholder-300x300.png\" alt=\"Floral\" width=\"300\" height=\"300\" \/>\t\t<h2 class=\"woocommerce-loop-category__title\">\n\t\t\tFloral<mark class=\"count\">4 Products<\/mark>\t\t<\/h2>\n\t\t<\/a><\/li>\n<li class=\"product-category product last\">\n\t<a aria-label=\"Visit product category Scenery\" href=\"https:\/\/veronicacejadesing.pro\/?product_cat=scenery\"><img src=\"https:\/\/veronicacejadesing.pro\/wp-content\/uploads\/woocommerce-placeholder-300x300.png\" alt=\"Scenery\" width=\"300\" height=\"300\" \/>\t\t<h2 class=\"woocommerce-loop-category__title\">\n\t\t\tScenery<mark class=\"count\">3 Products<\/mark>\t\t<\/h2>\n\t\t<\/a><\/li>\n<\/ul>\n<\/div>\n\n\n\n<div class=\"wp-block-uagb-buttons uagb-buttons__outer-wrap uagb-btn__default-btn uagb-btn-tablet__default-btn uagb-btn-mobile__default-btn uagb-block-a09e069d\"><div class=\"uagb-buttons__wrap uagb-buttons-layout-wrap\">\n<div class=\"wp-block-uagb-buttons-child uagb-buttons__outer-wrap uagb-block-c16ac4f3 wp-block-button is-style-outline\"><div class=\"uagb-button__wrapper\"><a class=\"uagb-buttons-repeater wp-block-button__link\" href=\"#\" onclick=\"return false;\" rel=\"follow noopener\" target=\"_self\"><div class=\"uagb-button__link\">Descubre la Coleccion<\/div><span class=\"uagb-button__icon uagb-button__icon-position-after\"><svg xmlns=\"https:\/\/www.w3.org\/2000\/svg\" viewBox=\"0 0 512 512\"><path d=\"M512 256C512 397.4 397.4 512 256 512C114.6 512 0 397.4 0 256C0 114.6 114.6 0 256 0C397.4 0 512 114.6 512 256zM176 168V344C176 352.7 180.7 360.7 188.3 364.9C195.8 369.2 205.1 369 212.5 364.5L356.5 276.5C363.6 272.1 368 264.4 368 256C368 247.6 363.6 239.9 356.5 235.5L212.5 147.5C205.1 142.1 195.8 142.8 188.3 147.1C180.7 151.3 176 159.3 176 168V168z\"><\/path><\/svg><\/span><\/a><\/div><\/div>\n<\/div><\/div>\n<\/div>\n<\/div><\/div>\n","protected":false},"excerpt":{"rendered":"<p>Veronica Ceja Welcome To My Website Mauris blandit aliquet elit, eget tincidunt nibh pulvinar a. Donec sollicitudin molestie malesuada. Curabitur arcu erat, accumsan id imperdiet et, porttitor at sem. Donec sollicitudin molestie malesuada. Cras ultricies ligula sed magna dictum porta. Quisque velit nisi, pretium ut lacinia in, elementum id enim. Donec rutrum congue leo eget &hellip;<\/p>\n<p class=\"read-more\"> <a class=\"\" href=\"https:\/\/veronicacejadesing.pro\/\"> <span class=\"screen-reader-text\">Home<\/span> Read More &raquo;<\/a><\/p>\n","protected":false},"author":1,"featured_media":0,"parent":0,"menu_order":0,"comment_status":"closed","ping_status":"closed","template":"","meta":{"_uag_custom_page_level_css":"","site-sidebar-layout":"default","site-content-layout":"page-builder","ast-site-content-layout":"full-width-container","site-content-style":"unboxed","site-sidebar-style":"unboxed","ast-global-header-display":"","ast-banner-title-visibility":"","ast-main-header-display":"","ast-hfb-above-header-display":"","ast-hfb-below-header-display":"","ast-hfb-mobile-header-display":"","site-post-title":"disabled","ast-breadcrumbs-content":"","ast-featured-img":"","footer-sml-layout":"","theme-transparent-header-meta":"default","adv-header-id-meta":"","stick-header-meta":"","header-above-stick-meta":"","header-main-stick-meta":"","header-below-stick-meta":"","astra-migrate-meta-layouts":"set","ast-page-background-enabled":"default","ast-page-background-meta":{"desktop":{"background-color":"","background-image":"","background-repeat":"repeat","background-position":"center center","background-size":"auto","background-attachment":"scroll","background-type":"","background-media":"","overlay-type":"","overlay-color":"","overlay-gradient":""},"tablet":{"background-color":"","background-image":"","background-repeat":"repeat","background-position":"center center","background-size":"auto","background-attachment":"scroll","background-type":"","background-media":"","overlay-type":"","overlay-color":"","overlay-gradient":""},"mobile":{"background-color":"","background-image":"","background-repeat":"repeat","background-position":"center center","background-size":"auto","background-attachment":"scroll","background-type":"","background-media":"","overlay-type":"","overlay-color":"","overlay-gradient":""}},"ast-content-background-meta":{"desktop":{"background-color":"var(--ast-global-color-5)","background-image":"","background-repeat":"repeat","background-position":"center center","background-size":"auto","background-attachment":"scroll","background-type":"","background-media":"","overlay-type":"","overlay-color":"","overlay-gradient":""},"tablet":{"background-color":"var(--ast-global-color-5)","background-image":"","background-repeat":"repeat","background-position":"center center","background-size":"auto","background-attachment":"scroll","background-type":"","background-media":"","overlay-type":"","overlay-color":"","overlay-gradient":""},"mobile":{"background-color":"var(--ast-global-color-5)","background-image":"","background-repeat":"repeat","background-position":"center center","background-size":"auto","background-attachment":"scroll","background-type":"","background-media":"","overlay-type":"","overlay-color":"","overlay-gradient":""}},"footnotes":""},"uagb_featured_image_src":{"full":false,"thumbnail":false,"medium":false,"medium_large":false,"large":false,"1536x1536":false,"2048x2048":false,"woocommerce_thumbnail":false,"woocommerce_single":false,"woocommerce_gallery_thumbnail":false},"uagb_author_info":{"display_name":"veronicacejadesing.pro","author_link":"https:\/\/veronicacejadesing.pro\/?author=1"},"uagb_comment_info":0,"uagb_excerpt":"Veronica Ceja Welcome To My Website Mauris blandit aliquet elit, eget tincidunt nibh pulvinar a. Donec sollicitudin molestie malesuada. Curabitur arcu erat, accumsan id imperdiet et, porttitor at sem. Donec sollicitudin molestie malesuada. Cras ultricies ligula sed magna dictum porta. Quisque velit nisi, pretium ut lacinia in, elementum id enim. Donec rutrum congue leo eget&hellip;","_links":{"self":[{"href":"https:\/\/veronicacejadesing.pro\/index.php?rest_route=\/wp\/v2\/pages\/606"}],"collection":[{"href":"https:\/\/veronicacejadesing.pro\/index.php?rest_route=\/wp\/v2\/pages"}],"about":[{"href":"https:\/\/veronicacejadesing.pro\/index.php?rest_route=\/wp\/v2\/types\/page"}],"author":[{"embeddable":true,"href":"https:\/\/veronicacejadesing.pro\/index.php?rest_route=\/wp\/v2\/users\/1"}],"replies":[{"embeddable":true,"href":"https:\/\/veronicacejadesing.pro\/index.php?rest_route=%2Fwp%2Fv2%2Fcomments&post=606"}],"version-history":[{"count":14,"href":"https:\/\/veronicacejadesing.pro\/index.php?rest_route=\/wp\/v2\/pages\/606\/revisions"}],"predecessor-version":[{"id":1255,"href":"https:\/\/veronicacejadesing.pro\/index.php?rest_route=\/wp\/v2\/pages\/606\/revisions\/1255"}],"wp:attachment":[{"href":"https:\/\/veronicacejadesing.pro\/index.php?rest_route=%2Fwp%2Fv2%2Fmedia&parent=606"}],"curies":[{"name":"wp","href":"https:\/\/api.w.org\/{rel}","templated":true}]}}